{"id":8605,"date":"2025-04-10T12:50:12","date_gmt":"2025-04-10T12:50:12","guid":{"rendered":"https:\/\/dd-group.com\/detia-freyberg-gmbh\/merece-la-pena-saber\/informacion-sobre-plagas\/"},"modified":"2025-10-28T11:39:15","modified_gmt":"2025-10-28T11:39:15","slug":"informacion-sobre-plagas","status":"publish","type":"page","link":"https:\/\/dd-group.com\/es\/detia-freyberg-gmbh\/merece-la-pena-saber\/informacion-sobre-plagas\/","title":{"rendered":"Informaci\u00f3n sobre plagas"},"content":{"rendered":"\t\t<div data-elementor-type=\"wp-page\" data-elementor-id=\"8605\" class=\"elementor elementor-8605 elementor-2681\" data-elementor-post-type=\"page\">\n\t\t\t\t<div class=\"elementor-element elementor-element-0c57e8a e-flex e-con-boxed e-con e-parent\" data-id=\"0c57e8a\" data-element_type=\"container\" data-e-type=\"container\" data-settings=\"{&quot;background_background&quot;:&quot;classic&quot;}\">\n\t\t\t\t\t<div class=\"e-con-inner\">\n\t\t\t\t<div class=\"elementor-element elementor-element-0a74f35 elementor-widget elementor-widget-heading\" data-id=\"0a74f35\" data-element_type=\"widget\" data-e-type=\"widget\" data-widget_type=\"heading.default\">\n\t\t\t\t<div class=\"elementor-widget-container\">\n\t\t\t\t\t<h1 class=\"elementor-heading-title elementor-size-default\">Informaci\u00f3n sobre plagas<\/h1>\t\t\t\t<\/div>\n\t\t\t\t<\/div>\n\t\t\t\t<div class=\"elementor-element elementor-element-cdb309d elementor-widget elementor-widget-spacer\" data-id=\"cdb309d\" data-element_type=\"widget\" data-e-type=\"widget\" data-widget_type=\"spacer.default\">\n\t\t\t\t<div class=\"elementor-widget-container\">\n\t\t\t\t\t\t\t<div class=\"elementor-spacer\">\n\t\t\t<div class=\"elementor-spacer-inner\"><\/div>\n\t\t<\/div>\n\t\t\t\t\t\t<\/div>\n\t\t\t\t<\/div>\n\t\t\t\t<div class=\"elementor-element elementor-element-f107898 elementor-widget__width-initial elementor-widget elementor-widget-text-editor\" data-id=\"f107898\" data-element_type=\"widget\" data-e-type=\"widget\" data-widget_type=\"text-editor.default\">\n\t\t\t\t<div class=\"elementor-widget-container\">\n\t\t\t\t\t\t\t\t\t<p>Aqu\u00ed encontrar\u00e1s informaci\u00f3n importante sobre las plagas, su biolog\u00eda y su potencial de da\u00f1o.<\/p><p>Si sigues sin encontrar aqu\u00ed la respuesta a tus preguntas, ll\u00e1manos o ponte en contacto con nosotros a trav\u00e9s de este sitio web.  <\/p><p>Estaremos encantados de ayudarte.<\/p><p> <\/p>\t\t\t\t\t\t\t\t<\/div>\n\t\t\t\t<\/div>\n\t\t\t\t\t<\/div>\n\t\t\t\t<\/div>\n\t\t<div class=\"elementor-element elementor-element-57a1856 e-flex e-con-boxed e-con e-parent\" data-id=\"57a1856\" data-element_type=\"container\" data-e-type=\"container\">\n\t\t\t\t\t<div class=\"e-con-inner\">\n\t\t<div class=\"elementor-element elementor-element-c7539d4 e-con-full e-flex elementor-invisible e-con e-child\" data-id=\"c7539d4\" data-element_type=\"container\" data-e-type=\"container\" data-settings=\"{&quot;animation&quot;:&quot;fadeInLeft&quot;}\">\n\t\t\t\t<div class=\"elementor-element elementor-element-96db820 elementor-widget elementor-widget-heading\" data-id=\"96db820\" data-element_type=\"widget\" data-e-type=\"widget\" data-widget_type=\"heading.default\">\n\t\t\t\t<div class=\"elementor-widget-container\">\n\t\t\t\t\t<h2 class=\"elementor-heading-title elementor-size-default\">Reconocer las plagas<br> <\/h2>\t\t\t\t<\/div>\n\t\t\t\t<\/div>\n\t\t\t\t<\/div>\n\t\t<div class=\"elementor-element elementor-element-fd0bbf5 e-con-full e-flex elementor-invisible e-con e-child\" data-id=\"fd0bbf5\" data-element_type=\"container\" data-e-type=\"container\" data-settings=\"{&quot;animation&quot;:&quot;fadeInRight&quot;}\">\n\t\t\t\t<div class=\"elementor-element elementor-element-d7e0457 elementor-widget elementor-widget-text-editor\" data-id=\"d7e0457\" data-element_type=\"widget\" data-e-type=\"widget\" data-widget_type=\"text-editor.default\">\n\t\t\t\t<div class=\"elementor-widget-container\">\n\t\t\t\t\t\t\t\t\t<p>Las plagas de la despensa, el hogar y la higiene se han convertido en un grave problema en los \u00faltimos a\u00f1os. Insectos, \u00e1caros, ratas y ratones no deben estar en nuestra comida ni en nuestras cocinas. Adem\u00e1s del da\u00f1o que causan con su incansable alimentaci\u00f3n, tambi\u00e9n pueden transferir microorganismos a las superficies de trabajo, al equipo y a nuestros alimentos. El reciente aumento de las intoxicaciones alimentarias se debe en parte a los animales nocivos para los alimentos y la higiene. Las plagas de materiales, como las polillas de la ropa, tambi\u00e9n son cada vez m\u00e1s frecuentes debido al uso creciente de fibras naturales.    <\/p>\n<p>Aqu\u00ed encontrar\u00e1s una lista de las plagas m\u00e1s importantes del almac\u00e9n, el hogar y la higiene, clasificadas seg\u00fan las siguientes \u00e1reas problem\u00e1ticas: Escarabajos, polillas, moscas, hormigas, alima\u00f1as, roedores.<\/p>\t\t\t\t\t\t\t\t<\/div>\n\t\t\t\t<\/div>\n\t\t\t\t<\/div>\n\t\t\t\t\t<\/div>\n\t\t\t\t<\/div>\n\t\t<div class=\"elementor-element elementor-element-49c8fa9 e-flex e-con-boxed e-con e-parent\" data-id=\"49c8fa9\" data-element_type=\"container\" data-e-type=\"container\">\n\t\t\t\t\t<div class=\"e-con-inner\">\n\t\t<div class=\"elementor-element elementor-element-a9688c3 e-con-full e-flex elementor-invisible e-con e-child\" data-id=\"a9688c3\" data-element_type=\"container\" data-e-type=\"container\" data-settings=\"{&quot;animation&quot;:&quot;fadeInRight&quot;}\">\n\t\t\t\t<div class=\"elementor-element elementor-element-e9fd2dc elementor-widget elementor-widget-ucaddon_custom_pesttype\" data-id=\"e9fd2dc\" data-element_type=\"widget\" data-e-type=\"widget\" data-widget_type=\"ucaddon_custom_pesttype.default\">\n\t\t\t\t<div class=\"elementor-widget-container\">\n\t\t\t\t\t\n<!-- start Sch\u00e4dlingsspezien Archiv -->\n\t\t<link id='uc_cdn_jsdelivr_net_npm_bootstrap_5_3_3_dist_css_bootstrap_min_css-css' href='https:\/\/cdn.jsdelivr.net\/npm\/bootstrap@5.3.3\/dist\/css\/bootstrap.min.css' type='text\/css' rel='stylesheet' >\n\n\n\n<div id=\"uc_custom_pesttype_elementor_e9fd2dc\">\n  <div class=\"row\">\n       \t              <div class=\"col-12 col-sm-6 col-md-3\">\n        <a href=\"https:\/\/dd-group.com\/es\/pesttype\/ameisen\/\">\n          <img decoding=\"async\" class=\"pesttype_img\" src=\"https:\/\/dd-group.com\/wp-content\/uploads\/2025\/04\/wegameise.jpg\"\/>\n          <h3 class=\"pesttype_title text-center\">Ameisen<\/h3>\n        <\/a>\n      <\/div>\n       \t              <div class=\"col-12 col-sm-6 col-md-3\">\n        <a href=\"https:\/\/dd-group.com\/es\/pesttype\/fliegen\/\">\n          <img decoding=\"async\" class=\"pesttype_img\" src=\"https:\/\/dd-group.com\/wp-content\/uploads\/2025\/04\/schmeissfliege.jpg\"\/>\n          <h3 class=\"pesttype_title text-center\">Fliegen<\/h3>\n        <\/a>\n      <\/div>\n       \t              <div class=\"col-12 col-sm-6 col-md-3\">\n        <a href=\"https:\/\/dd-group.com\/es\/pesttype\/kaefer\/\">\n          <img decoding=\"async\" class=\"pesttype_img\" src=\"https:\/\/dd-group.com\/wp-content\/uploads\/2025\/04\/rotbrauner-reismehlkaefer.jpg\"\/>\n          <h3 class=\"pesttype_title text-center\">K\u00e4fer<\/h3>\n        <\/a>\n      <\/div>\n       \t              <div class=\"col-12 col-sm-6 col-md-3\">\n        <a href=\"https:\/\/dd-group.com\/es\/pesttype\/motten\/\">\n          <img decoding=\"async\" class=\"pesttype_img\" src=\"https:\/\/dd-group.com\/wp-content\/uploads\/2025\/04\/mehlmotte.jpg\"\/>\n          <h3 class=\"pesttype_title text-center\">Motten<\/h3>\n        <\/a>\n      <\/div>\n       \t              <div class=\"col-12 col-sm-6 col-md-3\">\n        <a href=\"https:\/\/dd-group.com\/pesttype\/schadnager\/\">\n          <img decoding=\"async\" class=\"pesttype_img\" src=\"https:\/\/dd-group.com\/wp-content\/uploads\/2025\/04\/wanderratte.jpg\"\/>\n          <h3 class=\"pesttype_title text-center\">Schadnager<\/h3>\n        <\/a>\n      <\/div>\n       \t              <div class=\"col-12 col-sm-6 col-md-3\">\n        <a href=\"https:\/\/dd-group.com\/pesttype\/ungeziefer\/\">\n          <img decoding=\"async\" class=\"pesttype_img\" src=\"https:\/\/dd-group.com\/wp-content\/uploads\/2025\/01\/hausschabe.jpg\"\/>\n          <h3 class=\"pesttype_title text-center\">Ungeziefer<\/h3>\n        <\/a>\n      <\/div>\n      <\/div>\n<\/div>\n<!-- end Sch\u00e4dlingsspezien Archiv -->\t\t\t\t<\/div>\n\t\t\t\t<\/div>\n\t\t\t\t<\/div>\n\t\t\t\t\t<\/div>\n\t\t\t\t<\/div>\n\t\t\t\t<\/div>\n\t\t","protected":false},"excerpt":{"rendered":"<p>Informaci\u00f3n sobre plagas Aqu\u00ed encontrar\u00e1s informaci\u00f3n importante sobre las plagas, su biolog\u00eda y su potencial de da\u00f1o. Si sigues sin encontrar aqu\u00ed la respuesta a tus preguntas, ll\u00e1manos o ponte en contacto con nosotros a trav\u00e9s de este sitio web. Estaremos encantados de ayudarte. Reconocer las plagas Las plagas de la despensa, el hogar y [&hellip;]<\/p>\n","protected":false},"author":2,"featured_media":0,"parent":8469,"menu_order":0,"comment_status":"closed","ping_status":"closed","template":"","meta":{"_acf_changed":false,"footnotes":""},"class_list":["post-8605","page","type-page","status-publish","hentry"],"acf":[],"yoast_head":"<!-- This site is optimized with the Yoast SEO plugin v27.5 - https:\/\/yoast.com\/product\/yoast-seo-wordpress\/ -->\n<title>Informaci\u00f3n sobre plagas - Detia Degesch Group<\/title>\n<meta name=\"robots\" content=\"index, follow, max-snippet:-1, max-image-preview:large, max-video-preview:-1\" \/>\n<link rel=\"canonical\" href=\"https:\/\/dd-group.com\/es\/detia-freyberg-gmbh\/merece-la-pena-saber\/informacion-sobre-plagas\/\" \/>\n<meta property=\"og:locale\" content=\"es_ES\" \/>\n<meta property=\"og:type\" content=\"article\" \/>\n<meta property=\"og:title\" content=\"Informaci\u00f3n sobre plagas - Detia Degesch Group\" \/>\n<meta property=\"og:description\" content=\"Informaci\u00f3n sobre plagas Aqu\u00ed encontrar\u00e1s informaci\u00f3n importante sobre las plagas, su biolog\u00eda y su potencial de da\u00f1o. Si sigues sin encontrar aqu\u00ed la respuesta a tus preguntas, ll\u00e1manos o ponte en contacto con nosotros a trav\u00e9s de este sitio web. Estaremos encantados de ayudarte. Reconocer las plagas Las plagas de la despensa, el hogar y [&hellip;]\" \/>\n<meta property=\"og:url\" content=\"https:\/\/dd-group.com\/es\/detia-freyberg-gmbh\/merece-la-pena-saber\/informacion-sobre-plagas\/\" \/>\n<meta property=\"og:site_name\" content=\"Detia Degesch Group\" \/>\n<meta property=\"article:modified_time\" content=\"2025-10-28T11:39:15+00:00\" \/>\n<meta property=\"og:image\" content=\"https:\/\/dd-group.com\/wp-content\/uploads\/2025\/04\/wegameise.jpg\" \/>\n<meta name=\"twitter:card\" content=\"summary_large_image\" \/>\n<meta name=\"twitter:label1\" content=\"Tiempo de lectura\" \/>\n\t<meta name=\"twitter:data1\" content=\"1 minuto\" \/>\n<script type=\"application\/ld+json\" class=\"yoast-schema-graph\">{\"@context\":\"https:\\\/\\\/schema.org\",\"@graph\":[{\"@type\":\"WebPage\",\"@id\":\"https:\\\/\\\/dd-group.com\\\/es\\\/detia-freyberg-gmbh\\\/merece-la-pena-saber\\\/informacion-sobre-plagas\\\/\",\"url\":\"https:\\\/\\\/dd-group.com\\\/es\\\/detia-freyberg-gmbh\\\/merece-la-pena-saber\\\/informacion-sobre-plagas\\\/\",\"name\":\"Informaci\u00f3n sobre plagas - Detia Degesch Group\",\"isPartOf\":{\"@id\":\"https:\\\/\\\/dd-group.com\\\/es\\\/#website\"},\"primaryImageOfPage\":{\"@id\":\"https:\\\/\\\/dd-group.com\\\/es\\\/detia-freyberg-gmbh\\\/merece-la-pena-saber\\\/informacion-sobre-plagas\\\/#primaryimage\"},\"image\":{\"@id\":\"https:\\\/\\\/dd-group.com\\\/es\\\/detia-freyberg-gmbh\\\/merece-la-pena-saber\\\/informacion-sobre-plagas\\\/#primaryimage\"},\"thumbnailUrl\":\"https:\\\/\\\/dd-group.com\\\/wp-content\\\/uploads\\\/2025\\\/04\\\/wegameise.jpg\",\"datePublished\":\"2025-04-10T12:50:12+00:00\",\"dateModified\":\"2025-10-28T11:39:15+00:00\",\"breadcrumb\":{\"@id\":\"https:\\\/\\\/dd-group.com\\\/es\\\/detia-freyberg-gmbh\\\/merece-la-pena-saber\\\/informacion-sobre-plagas\\\/#breadcrumb\"},\"inLanguage\":\"es\",\"potentialAction\":[{\"@type\":\"ReadAction\",\"target\":[\"https:\\\/\\\/dd-group.com\\\/es\\\/detia-freyberg-gmbh\\\/merece-la-pena-saber\\\/informacion-sobre-plagas\\\/\"]}]},{\"@type\":\"ImageObject\",\"inLanguage\":\"es\",\"@id\":\"https:\\\/\\\/dd-group.com\\\/es\\\/detia-freyberg-gmbh\\\/merece-la-pena-saber\\\/informacion-sobre-plagas\\\/#primaryimage\",\"url\":\"https:\\\/\\\/dd-group.com\\\/wp-content\\\/uploads\\\/2025\\\/04\\\/wegameise.jpg\",\"contentUrl\":\"https:\\\/\\\/dd-group.com\\\/wp-content\\\/uploads\\\/2025\\\/04\\\/wegameise.jpg\"},{\"@type\":\"BreadcrumbList\",\"@id\":\"https:\\\/\\\/dd-group.com\\\/es\\\/detia-freyberg-gmbh\\\/merece-la-pena-saber\\\/informacion-sobre-plagas\\\/#breadcrumb\",\"itemListElement\":[{\"@type\":\"ListItem\",\"position\":1,\"name\":\"Home\",\"item\":\"https:\\\/\\\/dd-group.com\\\/es\\\/\"},{\"@type\":\"ListItem\",\"position\":2,\"name\":\"Detia Freyberg GmbH\",\"item\":\"https:\\\/\\\/dd-group.com\\\/es\\\/?page_id=8591\"},{\"@type\":\"ListItem\",\"position\":3,\"name\":\"Merece la pena saber\",\"item\":\"https:\\\/\\\/dd-group.com\\\/es\\\/?page_id=8469\"},{\"@type\":\"ListItem\",\"position\":4,\"name\":\"Informaci\u00f3n sobre plagas\"}]},{\"@type\":\"WebSite\",\"@id\":\"https:\\\/\\\/dd-group.com\\\/es\\\/#website\",\"url\":\"https:\\\/\\\/dd-group.com\\\/es\\\/\",\"name\":\"Detia Degesch Group\",\"description\":\"Your global partner in stored product protection\",\"potentialAction\":[{\"@type\":\"SearchAction\",\"target\":{\"@type\":\"EntryPoint\",\"urlTemplate\":\"https:\\\/\\\/dd-group.com\\\/es\\\/?s={search_term_string}\"},\"query-input\":{\"@type\":\"PropertyValueSpecification\",\"valueRequired\":true,\"valueName\":\"search_term_string\"}}],\"inLanguage\":\"es\"}]}<\/script>\n<!-- \/ Yoast SEO plugin. -->","yoast_head_json":{"title":"Informaci\u00f3n sobre plagas - Detia Degesch Group","robots":{"index":"index","follow":"follow","max-snippet":"max-snippet:-1","max-image-preview":"max-image-preview:large","max-video-preview":"max-video-preview:-1"},"canonical":"https:\/\/dd-group.com\/es\/detia-freyberg-gmbh\/merece-la-pena-saber\/informacion-sobre-plagas\/","og_locale":"es_ES","og_type":"article","og_title":"Informaci\u00f3n sobre plagas - Detia Degesch Group","og_description":"Informaci\u00f3n sobre plagas Aqu\u00ed encontrar\u00e1s informaci\u00f3n importante sobre las plagas, su biolog\u00eda y su potencial de da\u00f1o. Si sigues sin encontrar aqu\u00ed la respuesta a tus preguntas, ll\u00e1manos o ponte en contacto con nosotros a trav\u00e9s de este sitio web. Estaremos encantados de ayudarte. Reconocer las plagas Las plagas de la despensa, el hogar y [&hellip;]","og_url":"https:\/\/dd-group.com\/es\/detia-freyberg-gmbh\/merece-la-pena-saber\/informacion-sobre-plagas\/","og_site_name":"Detia Degesch Group","article_modified_time":"2025-10-28T11:39:15+00:00","og_image":[{"url":"https:\/\/dd-group.com\/wp-content\/uploads\/2025\/04\/wegameise.jpg","type":"","width":"","height":""}],"twitter_card":"summary_large_image","twitter_misc":{"Tiempo de lectura":"1 minuto"},"schema":{"@context":"https:\/\/schema.org","@graph":[{"@type":"WebPage","@id":"https:\/\/dd-group.com\/es\/detia-freyberg-gmbh\/merece-la-pena-saber\/informacion-sobre-plagas\/","url":"https:\/\/dd-group.com\/es\/detia-freyberg-gmbh\/merece-la-pena-saber\/informacion-sobre-plagas\/","name":"Informaci\u00f3n sobre plagas - Detia Degesch Group","isPartOf":{"@id":"https:\/\/dd-group.com\/es\/#website"},"primaryImageOfPage":{"@id":"https:\/\/dd-group.com\/es\/detia-freyberg-gmbh\/merece-la-pena-saber\/informacion-sobre-plagas\/#primaryimage"},"image":{"@id":"https:\/\/dd-group.com\/es\/detia-freyberg-gmbh\/merece-la-pena-saber\/informacion-sobre-plagas\/#primaryimage"},"thumbnailUrl":"https:\/\/dd-group.com\/wp-content\/uploads\/2025\/04\/wegameise.jpg","datePublished":"2025-04-10T12:50:12+00:00","dateModified":"2025-10-28T11:39:15+00:00","breadcrumb":{"@id":"https:\/\/dd-group.com\/es\/detia-freyberg-gmbh\/merece-la-pena-saber\/informacion-sobre-plagas\/#breadcrumb"},"inLanguage":"es","potentialAction":[{"@type":"ReadAction","target":["https:\/\/dd-group.com\/es\/detia-freyberg-gmbh\/merece-la-pena-saber\/informacion-sobre-plagas\/"]}]},{"@type":"ImageObject","inLanguage":"es","@id":"https:\/\/dd-group.com\/es\/detia-freyberg-gmbh\/merece-la-pena-saber\/informacion-sobre-plagas\/#primaryimage","url":"https:\/\/dd-group.com\/wp-content\/uploads\/2025\/04\/wegameise.jpg","contentUrl":"https:\/\/dd-group.com\/wp-content\/uploads\/2025\/04\/wegameise.jpg"},{"@type":"BreadcrumbList","@id":"https:\/\/dd-group.com\/es\/detia-freyberg-gmbh\/merece-la-pena-saber\/informacion-sobre-plagas\/#breadcrumb","itemListElement":[{"@type":"ListItem","position":1,"name":"Home","item":"https:\/\/dd-group.com\/es\/"},{"@type":"ListItem","position":2,"name":"Detia Freyberg GmbH","item":"https:\/\/dd-group.com\/es\/?page_id=8591"},{"@type":"ListItem","position":3,"name":"Merece la pena saber","item":"https:\/\/dd-group.com\/es\/?page_id=8469"},{"@type":"ListItem","position":4,"name":"Informaci\u00f3n sobre plagas"}]},{"@type":"WebSite","@id":"https:\/\/dd-group.com\/es\/#website","url":"https:\/\/dd-group.com\/es\/","name":"Detia Degesch Group","description":"Your global partner in stored product protection","potentialAction":[{"@type":"SearchAction","target":{"@type":"EntryPoint","urlTemplate":"https:\/\/dd-group.com\/es\/?s={search_term_string}"},"query-input":{"@type":"PropertyValueSpecification","valueRequired":true,"valueName":"search_term_string"}}],"inLanguage":"es"}]}},"_links":{"self":[{"href":"https:\/\/dd-group.com\/es\/wp-json\/wp\/v2\/pages\/8605","targetHints":{"allow":["GET"]}}],"collection":[{"href":"https:\/\/dd-group.com\/es\/wp-json\/wp\/v2\/pages"}],"about":[{"href":"https:\/\/dd-group.com\/es\/wp-json\/wp\/v2\/types\/page"}],"author":[{"embeddable":true,"href":"https:\/\/dd-group.com\/es\/wp-json\/wp\/v2\/users\/2"}],"replies":[{"embeddable":true,"href":"https:\/\/dd-group.com\/es\/wp-json\/wp\/v2\/comments?post=8605"}],"version-history":[{"count":4,"href":"https:\/\/dd-group.com\/es\/wp-json\/wp\/v2\/pages\/8605\/revisions"}],"predecessor-version":[{"id":8632,"href":"https:\/\/dd-group.com\/es\/wp-json\/wp\/v2\/pages\/8605\/revisions\/8632"}],"up":[{"embeddable":true,"href":"https:\/\/dd-group.com\/es\/wp-json\/wp\/v2\/pages\/8469"}],"wp:attachment":[{"href":"https:\/\/dd-group.com\/es\/wp-json\/wp\/v2\/media?parent=8605"}],"curies":[{"name":"wp","href":"https:\/\/api.w.org\/{rel}","templated":true}]}}